{"id":2888,"date":"2016-02-29T15:24:44","date_gmt":"2016-02-29T15:24:44","guid":{"rendered":"https:\/\/gauging.com\/es\/?page_id=2888"},"modified":"2016-03-03T15:23:29","modified_gmt":"2016-03-03T15:23:29","slug":"conseguir-informacion","status":"publish","type":"page","link":"https:\/\/www.gauging.com\/es\/conseguir-informacion\/","title":{"rendered":"Conseguir Informaci\u00f3n"},"content":{"rendered":"<p><center>\n                <h2 >\n                    Contacto <span class=\"color-font light\">SolveTech<\/span>\n                <\/h2>\n            <\/center><br \/>\nPara obtener informaci\u00f3n adicional sobre cualquiera de los productos de SolveTech , por favor completar y enviar el formulario a continuaci\u00f3n.<\/p>\n<p>Para obtener ayuda inmediata, p\u00f3ngase en contacto con nuestro representante en Mexico (abajo) o por correo electr\u00f3nico: <strong><a href=\"mailto:info@gauging.com\">info@gauging.com<\/a><\/strong><br \/>\n<div role=\"form\" class=\"wpcf7\" id=\"wpcf7-f2891-o1\" lang=\"en-US\" dir=\"ltr\">\n<div class=\"screen-reader-response\"><p role=\"status\" aria-live=\"polite\" aria-atomic=\"true\"><\/p> <ul><\/ul><\/div>\n<form action=\"\/es\/wp-json\/wp\/v2\/pages\/2888#wpcf7-f2891-o1\" method=\"post\" class=\"wpcf7-form init\" novalidate=\"novalidate\" data-status=\"init\">\n<div style=\"display: none;\">\n<input type=\"hidden\" name=\"_wpcf7\" value=\"2891\" \/>\n<input type=\"hidden\" name=\"_wpcf7_version\" value=\"5.5.2\" \/>\n<input type=\"hidden\" name=\"_wpcf7_locale\" value=\"en_US\" \/>\n<input type=\"hidden\" name=\"_wpcf7_unit_tag\" value=\"wpcf7-f2891-o1\" \/>\n<input type=\"hidden\" name=\"_wpcf7_container_post\" value=\"0\" \/>\n<input type=\"hidden\" name=\"_wpcf7_posted_data_hash\" value=\"\" \/>\n<\/div>\n<div class=\"row\">\n<div class=\"col-sm-6 col-md-6\">\n<div class=\"form-group\">\n<span class=\"wpcf7-form-control-wrap your-name\"><input type=\"text\" name=\"your-name\" value=\"\" size=\"40\" class=\"wpcf7-form-control wpcf7-text wpcf7-validates-as-required form-control input-lg\" aria-required=\"true\" aria-invalid=\"false\" placeholder=\"Nombre*\" \/><\/span>\n<\/div>\n<div class=\"form-group\">\n<span class=\"wpcf7-form-control-wrap tel-346\"><input type=\"text\" name=\"tel-346\" value=\"\" size=\"40\" class=\"wpcf7-form-control wpcf7-text wpcf7-validates-as-required form-control input-lg\" aria-required=\"true\" aria-invalid=\"false\" placeholder=\"Tel\u00e9fono*\" \/><\/span>\n<\/div>\n<div class=\"form-group\">\n<span class=\"wpcf7-form-control-wrap your-email\"><input type=\"text\" name=\"your-email\" value=\"\" size=\"40\" class=\"wpcf7-form-control wpcf7-text wpcf7-validates-as-required form-control input-lg\" aria-required=\"true\" aria-invalid=\"false\" placeholder=\"Correo Electr\u00f3nico*\" \/><\/span>\n<\/div>\n<\/div>\n<div class=\"col-sm-6 col-md-6\">\n<div class=\"form-group\">\n<span class=\"wpcf7-form-control-wrap your-message\"><textarea name=\"your-message\" cols=\"40\" rows=\"10\" class=\"wpcf7-form-control wpcf7-textarea form-control input-lg\" aria-invalid=\"false\" placeholder=\"Describa su aplicaci\u00f3n y necesidades de aforo:\"><\/textarea><\/span>\n<\/div>\n<p><input type=\"submit\" value=\"Enviar Mensaje\" class=\"wpcf7-form-control has-spinner wpcf7-submit btn btn-default btn-lg btn-block\" \/>\n<\/p><\/div>\n<\/div>\n<div class=\"wpcf7-response-output\" aria-hidden=\"true\"><\/div><\/form><\/div>\n<p>Esperamos con inter\u00e9s el debate sobre la aplicaci\u00f3n de medici\u00f3n de espesores!<\/p>\n<p><span style=\"text-decoration: underline;\"><strong>Representante en M\u00e9xico:<\/strong><\/span><\/p>\n<p><strong>Tecnipack<\/strong><\/p>\n<p><strong>Email:<\/strong> <a href=\"mailto:lalvarez@tecnipack.com.mx\">lalvarez@tecnipack.com.mx<\/a><\/p>\n<p><strong>Tel\u00e9fono:<\/strong> (55)5370-0064 \/ 5370-0187 \/ 5370-0886<\/p>\n<p><a href=\"http:\/\/www.tecnipack.com.mx\/\" target=\"_blank\">http:\/\/www.tecnipack.com.mx\/<\/a><\/p>\n<p>M\u00e1laga No. 8,<\/p>\n<p>Fracc. El Dorado, Tlalnepantla,<\/p>\n<p>Estado de M\u00e9xico. CP 54020,\u00a0M\u00e9xico<\/p>\n<p>&nbsp;<\/p>\n<p>Tambi\u00e9n puede ver una lista de <a href=\"https:\/\/gauging.com\/sales\/\">nuestros representantes de ventas internacionales aqu\u00ed <\/a>.<\/p>\n<p>&nbsp;<\/p>\n<p style=\"text-align: center;\">SolveTech, Inc. &#8211; Wilmington, DE USA<\/p>\n","protected":false},"excerpt":{"rendered":"<p>Para obtener informaci\u00f3n adicional sobre cualquiera de los productos de SolveTech , por favor completar y enviar el formulario a continuaci\u00f3n. Para obtener ayuda inmediata, p\u00f3ngase en contacto con nuestro representante en Mexico (abajo) o por correo electr\u00f3nico: info@gauging.com Esperamos<\/p>\n","protected":false},"author":2,"featured_media":0,"parent":0,"menu_order":0,"comment_status":"open","ping_status":"open","template":"","meta":{"footnotes":""},"class_list":["post-2888","page","type-page","status-publish","hentry"],"yoast_head":"<!-- This site is optimized with the Yoast SEO plugin v17.6 - https:\/\/yoast.com\/wordpress\/plugins\/seo\/ -->\n<meta name=\"description\" content=\"Conseguir Informaci\u00f3n - High precision thickness gauging solutions for measuring thin plastic film and other non conductive materials. Proprietary capacitance-based technology.\" \/>\n<meta name=\"robots\" content=\"index, follow, max-snippet:-1, max-image-preview:large, max-video-preview:-1\" \/>\n<link rel=\"canonical\" href=\"https:\/\/www.gauging.com\/es\/conseguir-informacion\/\" \/>\n<meta property=\"og:locale\" content=\"es_ES\" \/>\n<meta property=\"og:type\" content=\"article\" \/>\n<meta property=\"og:title\" content=\"Conseguir Informaci\u00f3n - SolveTech, Inc\" \/>\n<meta property=\"og:description\" content=\"Conseguir Informaci\u00f3n - High precision thickness gauging solutions for measuring thin plastic film and other non conductive materials. Proprietary capacitance-based technology.\" \/>\n<meta property=\"og:url\" content=\"https:\/\/www.gauging.com\/es\/conseguir-informacion\/\" \/>\n<meta property=\"og:site_name\" content=\"SolveTech, Inc\" \/>\n<meta property=\"article:modified_time\" content=\"2016-03-03T15:23:29+00:00\" \/>\n<meta name=\"twitter:card\" content=\"summary\" \/>\n<meta name=\"twitter:label1\" content=\"Tiempo de lectura\" \/>\n\t<meta name=\"twitter:data1\" content=\"1 minuto\" \/>\n<script type=\"application\/ld+json\" class=\"yoast-schema-graph\">{\"@context\":\"https:\/\/schema.org\",\"@graph\":[{\"@type\":\"WebSite\",\"@id\":\"https:\/\/www.gauging.com\/#website\",\"url\":\"https:\/\/www.gauging.com\/\",\"name\":\"SolveTech, Inc\",\"description\":\"Thickness Gauging Systems\",\"potentialAction\":[{\"@type\":\"SearchAction\",\"target\":{\"@type\":\"EntryPoint\",\"urlTemplate\":\"https:\/\/www.gauging.com\/?s={search_term_string}\"},\"query-input\":\"required name=search_term_string\"}],\"inLanguage\":\"es\"},{\"@type\":\"WebPage\",\"@id\":\"https:\/\/www.gauging.com\/es\/conseguir-informacion\/#webpage\",\"url\":\"https:\/\/www.gauging.com\/es\/conseguir-informacion\/\",\"name\":\"Conseguir Informaci\\u00f3n - SolveTech, Inc\",\"isPartOf\":{\"@id\":\"https:\/\/www.gauging.com\/#website\"},\"datePublished\":\"2016-02-29T15:24:44+00:00\",\"dateModified\":\"2016-03-03T15:23:29+00:00\",\"description\":\"Conseguir Informaci\\u00f3n - High precision thickness gauging solutions for measuring thin plastic film and other non conductive materials. Proprietary capacitance-based technology.\",\"breadcrumb\":{\"@id\":\"https:\/\/www.gauging.com\/es\/conseguir-informacion\/#breadcrumb\"},\"inLanguage\":\"es\",\"potentialAction\":[{\"@type\":\"ReadAction\",\"target\":[\"https:\/\/www.gauging.com\/es\/conseguir-informacion\/\"]}]},{\"@type\":\"BreadcrumbList\",\"@id\":\"https:\/\/www.gauging.com\/es\/conseguir-informacion\/#breadcrumb\",\"itemListElement\":[{\"@type\":\"ListItem\",\"position\":1,\"name\":\"Home\",\"item\":\"https:\/\/www.gauging.com\/es\/\"},{\"@type\":\"ListItem\",\"position\":2,\"name\":\"Conseguir Informaci\\u00f3n\"}]}]}<\/script>\n<!-- \/ Yoast SEO plugin. -->","yoast_head_json":{"description":"Conseguir Informaci\u00f3n - High precision thickness gauging solutions for measuring thin plastic film and other non conductive materials. Proprietary capacitance-based technology.","robots":{"index":"index","follow":"follow","max-snippet":"max-snippet:-1","max-image-preview":"max-image-preview:large","max-video-preview":"max-video-preview:-1"},"canonical":"https:\/\/www.gauging.com\/es\/conseguir-informacion\/","og_locale":"es_ES","og_type":"article","og_title":"Conseguir Informaci\u00f3n - SolveTech, Inc","og_description":"Conseguir Informaci\u00f3n - High precision thickness gauging solutions for measuring thin plastic film and other non conductive materials. Proprietary capacitance-based technology.","og_url":"https:\/\/www.gauging.com\/es\/conseguir-informacion\/","og_site_name":"SolveTech, Inc","article_modified_time":"2016-03-03T15:23:29+00:00","twitter_card":"summary","twitter_misc":{"Tiempo de lectura":"1 minuto"},"schema":{"@context":"https:\/\/schema.org","@graph":[{"@type":"WebSite","@id":"https:\/\/www.gauging.com\/#website","url":"https:\/\/www.gauging.com\/","name":"SolveTech, Inc","description":"Thickness Gauging Systems","potentialAction":[{"@type":"SearchAction","target":{"@type":"EntryPoint","urlTemplate":"https:\/\/www.gauging.com\/?s={search_term_string}"},"query-input":"required name=search_term_string"}],"inLanguage":"es"},{"@type":"WebPage","@id":"https:\/\/www.gauging.com\/es\/conseguir-informacion\/#webpage","url":"https:\/\/www.gauging.com\/es\/conseguir-informacion\/","name":"Conseguir Informaci\u00f3n - SolveTech, Inc","isPartOf":{"@id":"https:\/\/www.gauging.com\/#website"},"datePublished":"2016-02-29T15:24:44+00:00","dateModified":"2016-03-03T15:23:29+00:00","description":"Conseguir Informaci\u00f3n - High precision thickness gauging solutions for measuring thin plastic film and other non conductive materials. Proprietary capacitance-based technology.","breadcrumb":{"@id":"https:\/\/www.gauging.com\/es\/conseguir-informacion\/#breadcrumb"},"inLanguage":"es","potentialAction":[{"@type":"ReadAction","target":["https:\/\/www.gauging.com\/es\/conseguir-informacion\/"]}]},{"@type":"BreadcrumbList","@id":"https:\/\/www.gauging.com\/es\/conseguir-informacion\/#breadcrumb","itemListElement":[{"@type":"ListItem","position":1,"name":"Home","item":"https:\/\/www.gauging.com\/es\/"},{"@type":"ListItem","position":2,"name":"Conseguir Informaci\u00f3n"}]}]}},"_links":{"self":[{"href":"https:\/\/www.gauging.com\/es\/wp-json\/wp\/v2\/pages\/2888","targetHints":{"allow":["GET"]}}],"collection":[{"href":"https:\/\/www.gauging.com\/es\/wp-json\/wp\/v2\/pages"}],"about":[{"href":"https:\/\/www.gauging.com\/es\/wp-json\/wp\/v2\/types\/page"}],"author":[{"embeddable":true,"href":"https:\/\/www.gauging.com\/es\/wp-json\/wp\/v2\/users\/2"}],"replies":[{"embeddable":true,"href":"https:\/\/www.gauging.com\/es\/wp-json\/wp\/v2\/comments?post=2888"}],"version-history":[{"count":0,"href":"https:\/\/www.gauging.com\/es\/wp-json\/wp\/v2\/pages\/2888\/revisions"}],"wp:attachment":[{"href":"https:\/\/www.gauging.com\/es\/wp-json\/wp\/v2\/media?parent=2888"}],"curies":[{"name":"wp","href":"https:\/\/api.w.org\/{rel}","templated":true}]}}