{"id":3005,"date":"2016-03-11T19:27:28","date_gmt":"2016-03-11T19:27:28","guid":{"rendered":"https:\/\/gauging.com\/es\/?page_id=3005"},"modified":"2016-06-01T12:28:43","modified_gmt":"2016-06-01T12:28:43","slug":"precision-profiler-sistema-de-medicion-de-espesores","status":"publish","type":"page","link":"https:\/\/www.gauging.com\/es\/precision-profiler-sistema-de-medicion-de-espesores\/","title":{"rendered":"Precision Profiler\u2122   Sistema de Medici\u00f3n de Espesores"},"content":{"rendered":"<div class=\"padding-small row animated\" data-fx=\"rollIn\">\n\n                <h2 >\n                    Precision <span class=\"color-font light\">Profiler\u2122 <\/span>\n                <\/h2>\n            \n<h5>El L\u00edder en el Mercado Fuera de L\u00ednea , de Alto Rendimiento de Perfiles de Espesor<\/h5>\n<p>El PR2000 proporciona a los usuarios con perfiles de espesor de una tira de pel\u00edcula de pl\u00e1stico u otro material no conductor que a menudo se llama un \u00abpunto a punto \u00bb mediciones . Estos perfiles pueden determinar cruz web y direcci\u00f3n de la m\u00e1quina espesor variabilidad para el material. <strong><a href=\"https:\/\/gauging.com\/why-plastic-film-producers-use-profilers\/\"> \u00bfPor qu\u00e9 utilizar un generador de perfiles ?<\/a><\/strong><\/p>\n<p><strong>Vea aqu\u00ed la presentaci\u00f3n:\u00a0<a href=\"https:\/\/gauging.com\/wp-content\/uploads\/2014\/07\/PR2000-Sales-Presentation.pdf\" rel=\"\">PR2000 Presentation<\/a><\/strong><\/p>\n<h5>Caracter\u00edsticas Principales<\/h5>\n<ul class=\"checklist\">\n<ul>\n<li class=\"checked\"><span>Tecnolog\u00eda Propia<\/span><\/li>\n<li class=\"checked\"><span>R\u00e1pido y f\u00e1cil de usar<\/span><\/li>\n<li class=\"checked\"><span>Una precisi\u00f3n de 0,001 Mil\u00e9simas de Pulgada ( 0,025 micras )<\/span><\/li>\n<li class=\"checked\"><span>Fiable y Repetible<\/span><\/li>\n<\/ul>\n<p>&nbsp;<\/p>\n<\/ul>\n<div class=\"entry-content-asset\"><iframe loading=\"lazy\" title=\"PR2000 Intro Video\" width=\"500\" height=\"281\" src=\"https:\/\/www.youtube.com\/embed\/fbIdQ5p3flY?feature=oembed\" frameborder=\"0\" allow=\"accelerometer; autoplay; clipboard-write; encrypted-media; gyroscope; picture-in-picture; web-share\" referrerpolicy=\"strict-origin-when-cross-origin\" allowfullscreen><\/iframe><\/div>\n<h5><\/h5>\n<h5><\/h5>\n<h5>Bienvenidos a una Nueva Era de Perfil de Medici\u00f3n<\/h5>\n<p>&#8211; Garantizados m\u00e1s altos niveles de precisi\u00f3n y exactitud<br \/>\n&#8211; Garantizado para mantener la calibraci\u00f3n<br \/>\n&#8211; Las caracter\u00edsticas importantes , incluyendo %Plus\u2122 \u00a0and SpotPlot\u2122<br \/>\n&#8211; Va m\u00e1s all\u00e1 de la tecnolog\u00eda de galgas beta<br \/>\n&#8211; Su puerta a un proceso ilimitado y an\u00e1lisis de productos para la producci\u00f3n de pel\u00edcula de pl\u00e1stico<\/p>\n<p>&nbsp;<\/p>\n<p><figure id=\"attachment_1848\" class=\"thumbnail wp-caption aligncenter\" style=\"width: 575px\"><a href=\"https:\/\/gauging.com\/wp-content\/uploads\/2014\/07\/PR2000-Screenshot.jpg\"><img loading=\"lazy\" decoding=\"async\" class=\"wp-image-1848\" title=\" Espesor de la pel\u00edcula de pl\u00e1stico Perfil de una pel\u00edcula delgada\" src=\"https:\/\/gauging.com\/wp-content\/uploads\/2014\/07\/PR2000-Screenshot.jpg\" alt=\" Espesor de la pel\u00edcula de pl\u00e1stico Perfil de una pel\u00edcula delgada\" width=\"575\" height=\"419\" \/><\/a><figcaption class=\"caption wp-caption-text\">Perfil de Espesor Generada por el PR2000<\/figcaption><\/figure><\/p>\n<h5><\/h5>\n<h5><\/h5>\n<p>&nbsp;<\/p>\n<h5>Una inversi\u00f3n en la calidad<\/h5>\n<p>Sabemos que la calidad es importante para usted , y la Precisi\u00f3n de Perfiles \u00a0le permite ver la calidad de su proceso como nunca antes . Se le da una ventaja al mostrar d\u00f3nde es necesario hacer ajustes en su proceso y el an\u00e1lisis de su material para la variabilidad . Se mide el espesor de pel\u00edcula de pl\u00e1stico cada 0.125 \u00aby crea un perfil de espesor de material como el que se muestra arriba . Puede ayudar a reducir el desecho y evitar de producto seg\u00fan especificaciones de alcanzar a sus clientes .<\/p>\n<p>Si usted es un comprador de material , tambi\u00e9n puede hacer que el PR2000 de la inspecci\u00f3n del producto entrante de pel\u00edculas de pl\u00e1stico y materiales de embalaje . Muchos de nuestros clientes utilizan nuestros productos para encontrar defectos de calidad en las pel\u00edculas de pl\u00e1stico antes de que se conviertan en un problema .<\/p>\n<p>&nbsp;<\/p>\n<h5><\/h5>\n<h5><\/h5>\n<h5>Visita nuestra repetibilidad en el video de abajo<\/h5>\n<p>La repetibilidad es un tema cr\u00edtico para los equipos de medici\u00f3n , y esta demostraci\u00f3n en vivo muestra que el PR2000 da la misma respuesta en cada serie . la estabilidad de la unidad no tiene igual en el mercado.<\/p>\n<div class=\"entry-content-asset\"><iframe loading=\"lazy\" title=\"PR2000 Reliability and Repeatability\" width=\"500\" height=\"281\" src=\"https:\/\/www.youtube.com\/embed\/KpKuGvBATCU?feature=oembed\" frameborder=\"0\" allow=\"accelerometer; autoplay; clipboard-write; encrypted-media; gyroscope; picture-in-picture; web-share\" referrerpolicy=\"strict-origin-when-cross-origin\" allowfullscreen><\/iframe><\/div>\n<p>&nbsp;<\/p>\n<h5><\/h5>\n<h5>Herramienta de Control de Precisi\u00f3n de Alta Calidad<\/h5>\n<ul class=\"checklist\"><img loading=\"lazy\" decoding=\"async\" class=\"alignright wp-image-1050 \" title=\"medidor de pel\u00edcula soplada\" src=\"https:\/\/gauging.com\/wp-content\/uploads\/2014\/07\/5a52c3bab7b4e4027fea1334b59f95af_t44y.png\" alt=\"medidor de pel\u00edcula soplada\" width=\"280\" height=\"210\" \/><\/p>\n<ul>\n<li class=\"checked\"><span>Analizar el perfil transversal de la banda de cada rollo producido<\/span><\/li>\n<li class=\"checked\"><span>Imprima perfil de espesor y los informes de control de calidad<\/span><\/li>\n<li class=\"checked\"><span>Muestras de documentos y archivo de rodillos para la garant\u00eda al cliente<\/span><\/li>\n<li class=\"checked\"><span>Solucionar quejas de los clientes<\/span><\/li>\n<li class=\"checked\"><span>Analizar una burbuja de pel\u00edcula soplada y ajustar las extrusoras<\/span><\/li>\n<\/ul>\n<p>&nbsp;<\/p>\n<\/ul>\n<h5>Herramienta de Apoyo a la Producci\u00f3n<\/h5>\n<ul class=\"checklist\">\n<ul>\n<li class=\"checked\"><span>Dise\u00f1o robusto &#8211; el uso en el laboratorio o en el piso de producci\u00f3n<\/span><\/li>\n<li class=\"checked\"><span>Ver ficha montajes (incluye la cartograf\u00eda perno )<\/span><\/li>\n<li class=\"checked\"><span>Reducir el tiempo de resoluci\u00f3n de problemas<\/span><\/li>\n<li class=\"checked\"><span>Software f\u00e1cil de usar proporciona datos \u00fatiles de productos<\/span><\/li>\n<\/ul>\n<p>&nbsp;<\/p>\n<\/ul>\n<h5>Caracter\u00edsticas Especiales<\/h5>\n<p>%Plus\u2122 modo proporciona una forma sencilla de caracterizar su material sin calibraci\u00f3n de configurar. El modo SpotPlot \u2122 convierte su Precision \u2122 Profiler en un micr\u00f3metro digital sin contacto , con el apoyo total de c\u00f3mputo y equipo. La funci\u00f3n de ejecuci\u00f3n incluye Auto -Stop y Auto &#8211; Excluir de las costuras y los empalmes cuando llegue al producto terminado . El software se ejecuta en los sistemas operativos de Windows est\u00e1ndar . Cortar y pegar sus datos a otras aplicaciones , o imprimir pantallas e informes para sus clientes &#8211; o para su propio an\u00e1lisis. Los datos tambi\u00e9n pueden ser exportados directamente a las hojas de c\u00e1lculo de Excel .<\/p>\n<p>La unidad incluye muchas caracter\u00edsticas especiales para la pel\u00edcula soplada , pel\u00edcula cast y pel\u00edcula orientada biaxial ( BOPP , BOPE )<\/p>\n<h5>Personalizable<\/h5>\n<p>El PR2000 no se limita s\u00f3lo a la medici\u00f3n de pel\u00edculas delgadas . Se puede medir el espesor de materiales gruesos y r\u00edgidos utilizando cabezales de medici\u00f3n personalizado. Consulte aqu\u00ed la ejecuci\u00f3n de un \u00bb trozo de pl\u00e1stico 0.125 , precisamente medir hasta 0,02 mil\u00e9simas de pulgada .<\/p>\n<div class=\"entry-content-asset\"><iframe loading=\"lazy\" title=\"Measuring the Thickness and Variability of Plastic Sheet\" width=\"500\" height=\"281\" src=\"https:\/\/www.youtube.com\/embed\/DeanKSU72TY?feature=oembed\" frameborder=\"0\" allow=\"accelerometer; autoplay; clipboard-write; encrypted-media; gyroscope; picture-in-picture; web-share\" referrerpolicy=\"strict-origin-when-cross-origin\" allowfullscreen><\/iframe><\/div>\n<h5>El Perfil del sistema Incluye Precison:<\/h5>\n<ul class=\"checklist\">\n<ul>\n<li class=\"checked\"><span>Precision Profiler\u2122 el sistema de ancho con l\u00ednea de contacto motorizado \/ roll , conjunto del cabezal de medici\u00f3n (con patentada sin contacto de SolveTech , , tecnolog\u00eda de medici\u00f3n diel\u00e9ctrica ) .<\/span><\/li>\n<li class=\"checked\"><span>PR2000-PC System Software for Windows<\/span><\/li>\n<li class=\"checked\"><span>El interruptor de pedal , estabilizador de la pel\u00edcula, y el cable de alimentaci\u00f3n y el cable asociado<\/span><\/li>\n<\/ul>\n<p>&nbsp;<\/p>\n<\/ul>\n<p>&nbsp;<\/p>\n<p><figure id=\"attachment_2662\" class=\"thumbnail wp-caption aligncenter\" style=\"width: 635px\"><img loading=\"lazy\" decoding=\"async\" class=\"wp-image-2662\" title=\"Medidor de espesor de pel\u00edcula pl\u00e1stica\" src=\"https:\/\/gauging.com\/wp-content\/uploads\/2015\/09\/Cast-Film-Profile.jpg\" alt=\" Medidor de espesor de pel\u00edcula pl\u00e1stica\" width=\"635\" height=\"358\" srcset=\"https:\/\/www.gauging.com\/wp-content\/uploads\/2015\/09\/Cast-Film-Profile.jpg 1280w, https:\/\/www.gauging.com\/wp-content\/uploads\/2015\/09\/Cast-Film-Profile-768x432.jpg 768w, https:\/\/www.gauging.com\/wp-content\/uploads\/2015\/09\/Cast-Film-Profile-1024x576.jpg 1024w\" sizes=\"auto, (max-width: 635px) 100vw, 635px\" \/><figcaption class=\"caption wp-caption-text\">El PR2000 ofrece el perfil a trav\u00e9s de su l\u00ednea de extrusi\u00f3n<\/figcaption><\/figure><\/p>\n<p><a href=\"https:\/\/gauging.com\/es\/conseguir-informacion\/\">Para obtener m\u00e1s informaci\u00f3n , p\u00f3ngase en contacto con nosotros<\/a> en <strong><a href=\"mailto:info@gauging.com\">info@gauging.com<\/a><\/strong> . Ofrecemos pruebas de muestra gratuita en esta unidad para probar el rendimiento del medidor de espesor . Nuestros clientes siempre est\u00e1n sorprendidos con los resultados que ven !<br \/>\n<\/div>\n<p><a href=\"https:\/\/gauging.com\/wp-content\/uploads\/2015\/10\/Solvetech-is-made-in-the-USA.jpg\"><img loading=\"lazy\" decoding=\"async\" class=\"aligncenter wp-image-2362 \" title=\"american thickness gauges\" src=\"https:\/\/gauging.com\/wp-content\/uploads\/2015\/10\/Solvetech-is-made-in-the-USA-300x300.jpg\" alt=\"Solvetech-is-made-in-the-USA\" width=\"179\" height=\"179\" srcset=\"https:\/\/www.gauging.com\/wp-content\/uploads\/2015\/10\/Solvetech-is-made-in-the-USA-300x300.jpg 300w, https:\/\/www.gauging.com\/wp-content\/uploads\/2015\/10\/Solvetech-is-made-in-the-USA-150x150.jpg 150w\" sizes=\"auto, (max-width: 179px) 100vw, 179px\" \/><\/a><\/p>\n<p>&nbsp;<\/p>\n<p style=\"text-align: center;\">Espesor Calibra | Pel\u00edcula de Pl\u00e1stico Espesor de Perfiles | Espesor de la Pel\u00edcula de Pl\u00e1stico Medir<\/p>\n","protected":false},"excerpt":{"rendered":"<p>&nbsp; Espesor Calibra | Pel\u00edcula de Pl\u00e1stico Espesor de Perfiles | Espesor de la Pel\u00edcula de Pl\u00e1stico Medir<\/p>\n","protected":false},"author":2,"featured_media":0,"parent":0,"menu_order":0,"comment_status":"open","ping_status":"open","template":"","meta":{"footnotes":""},"class_list":["post-3005","page","type-page","status-publish","hentry"],"yoast_head":"<!-- This site is optimized with the Yoast SEO plugin v17.6 - https:\/\/yoast.com\/wordpress\/plugins\/seo\/ -->\n<meta name=\"description\" content=\"Precision Profiler\u2122  Sistema de Medici\u00f3n de Espesores - High precision thickness gauging solutions for measuring thin plastic film and other non conductive materials. Proprietary capacitance-based technology.\" \/>\n<meta name=\"robots\" content=\"index, follow, max-snippet:-1, max-image-preview:large, max-video-preview:-1\" \/>\n<link rel=\"canonical\" href=\"https:\/\/www.gauging.com\/es\/precision-profiler-sistema-de-medicion-de-espesores\/\" \/>\n<meta property=\"og:locale\" content=\"es_ES\" \/>\n<meta property=\"og:type\" content=\"article\" \/>\n<meta property=\"og:title\" content=\"Precision Profiler\u2122  Sistema de Medici\u00f3n de Espesores - SolveTech, Inc\" \/>\n<meta property=\"og:description\" content=\"Precision Profiler\u2122  Sistema de Medici\u00f3n de Espesores - High precision thickness gauging solutions for measuring thin plastic film and other non conductive materials. Proprietary capacitance-based technology.\" \/>\n<meta property=\"og:url\" content=\"https:\/\/www.gauging.com\/es\/precision-profiler-sistema-de-medicion-de-espesores\/\" \/>\n<meta property=\"og:site_name\" content=\"SolveTech, Inc\" \/>\n<meta property=\"article:modified_time\" content=\"2016-06-01T12:28:43+00:00\" \/>\n<meta property=\"og:image\" content=\"https:\/\/gauging.com\/wp-content\/uploads\/2014\/07\/PR2000-Screenshot.jpg\" \/>\n<meta name=\"twitter:card\" content=\"summary\" \/>\n<meta name=\"twitter:label1\" content=\"Tiempo de lectura\" \/>\n\t<meta name=\"twitter:data1\" content=\"5 minutos\" \/>\n<script type=\"application\/ld+json\" class=\"yoast-schema-graph\">{\"@context\":\"https:\/\/schema.org\",\"@graph\":[{\"@type\":\"WebSite\",\"@id\":\"https:\/\/www.gauging.com\/#website\",\"url\":\"https:\/\/www.gauging.com\/\",\"name\":\"SolveTech, Inc\",\"description\":\"Thickness Gauging Systems\",\"potentialAction\":[{\"@type\":\"SearchAction\",\"target\":{\"@type\":\"EntryPoint\",\"urlTemplate\":\"https:\/\/www.gauging.com\/?s={search_term_string}\"},\"query-input\":\"required name=search_term_string\"}],\"inLanguage\":\"es\"},{\"@type\":\"ImageObject\",\"@id\":\"https:\/\/www.gauging.com\/es\/precision-profiler-sistema-de-medicion-de-espesores\/#primaryimage\",\"inLanguage\":\"es\",\"url\":\"https:\/\/gauging.com\/wp-content\/uploads\/2014\/07\/PR2000-Screenshot.jpg\",\"contentUrl\":\"https:\/\/gauging.com\/wp-content\/uploads\/2014\/07\/PR2000-Screenshot.jpg\"},{\"@type\":\"WebPage\",\"@id\":\"https:\/\/www.gauging.com\/es\/precision-profiler-sistema-de-medicion-de-espesores\/#webpage\",\"url\":\"https:\/\/www.gauging.com\/es\/precision-profiler-sistema-de-medicion-de-espesores\/\",\"name\":\"Precision Profiler\\u2122 Sistema de Medici\\u00f3n de Espesores - SolveTech, Inc\",\"isPartOf\":{\"@id\":\"https:\/\/www.gauging.com\/#website\"},\"primaryImageOfPage\":{\"@id\":\"https:\/\/www.gauging.com\/es\/precision-profiler-sistema-de-medicion-de-espesores\/#primaryimage\"},\"datePublished\":\"2016-03-11T19:27:28+00:00\",\"dateModified\":\"2016-06-01T12:28:43+00:00\",\"description\":\"Precision Profiler\\u2122 Sistema de Medici\\u00f3n de Espesores - High precision thickness gauging solutions for measuring thin plastic film and other non conductive materials. Proprietary capacitance-based technology.\",\"breadcrumb\":{\"@id\":\"https:\/\/www.gauging.com\/es\/precision-profiler-sistema-de-medicion-de-espesores\/#breadcrumb\"},\"inLanguage\":\"es\",\"potentialAction\":[{\"@type\":\"ReadAction\",\"target\":[\"https:\/\/www.gauging.com\/es\/precision-profiler-sistema-de-medicion-de-espesores\/\"]}]},{\"@type\":\"BreadcrumbList\",\"@id\":\"https:\/\/www.gauging.com\/es\/precision-profiler-sistema-de-medicion-de-espesores\/#breadcrumb\",\"itemListElement\":[{\"@type\":\"ListItem\",\"position\":1,\"name\":\"Home\",\"item\":\"https:\/\/www.gauging.com\/es\/\"},{\"@type\":\"ListItem\",\"position\":2,\"name\":\"Precision Profiler\\u2122 Sistema de Medici\\u00f3n de Espesores\"}]}]}<\/script>\n<!-- \/ Yoast SEO plugin. -->","yoast_head_json":{"description":"Precision Profiler\u2122  Sistema de Medici\u00f3n de Espesores - High precision thickness gauging solutions for measuring thin plastic film and other non conductive materials. Proprietary capacitance-based technology.","robots":{"index":"index","follow":"follow","max-snippet":"max-snippet:-1","max-image-preview":"max-image-preview:large","max-video-preview":"max-video-preview:-1"},"canonical":"https:\/\/www.gauging.com\/es\/precision-profiler-sistema-de-medicion-de-espesores\/","og_locale":"es_ES","og_type":"article","og_title":"Precision Profiler\u2122  Sistema de Medici\u00f3n de Espesores - SolveTech, Inc","og_description":"Precision Profiler\u2122  Sistema de Medici\u00f3n de Espesores - High precision thickness gauging solutions for measuring thin plastic film and other non conductive materials. Proprietary capacitance-based technology.","og_url":"https:\/\/www.gauging.com\/es\/precision-profiler-sistema-de-medicion-de-espesores\/","og_site_name":"SolveTech, Inc","article_modified_time":"2016-06-01T12:28:43+00:00","og_image":[{"url":"https:\/\/gauging.com\/wp-content\/uploads\/2014\/07\/PR2000-Screenshot.jpg"}],"twitter_card":"summary","twitter_misc":{"Tiempo de lectura":"5 minutos"},"schema":{"@context":"https:\/\/schema.org","@graph":[{"@type":"WebSite","@id":"https:\/\/www.gauging.com\/#website","url":"https:\/\/www.gauging.com\/","name":"SolveTech, Inc","description":"Thickness Gauging Systems","potentialAction":[{"@type":"SearchAction","target":{"@type":"EntryPoint","urlTemplate":"https:\/\/www.gauging.com\/?s={search_term_string}"},"query-input":"required name=search_term_string"}],"inLanguage":"es"},{"@type":"ImageObject","@id":"https:\/\/www.gauging.com\/es\/precision-profiler-sistema-de-medicion-de-espesores\/#primaryimage","inLanguage":"es","url":"https:\/\/gauging.com\/wp-content\/uploads\/2014\/07\/PR2000-Screenshot.jpg","contentUrl":"https:\/\/gauging.com\/wp-content\/uploads\/2014\/07\/PR2000-Screenshot.jpg"},{"@type":"WebPage","@id":"https:\/\/www.gauging.com\/es\/precision-profiler-sistema-de-medicion-de-espesores\/#webpage","url":"https:\/\/www.gauging.com\/es\/precision-profiler-sistema-de-medicion-de-espesores\/","name":"Precision Profiler\u2122 Sistema de Medici\u00f3n de Espesores - SolveTech, Inc","isPartOf":{"@id":"https:\/\/www.gauging.com\/#website"},"primaryImageOfPage":{"@id":"https:\/\/www.gauging.com\/es\/precision-profiler-sistema-de-medicion-de-espesores\/#primaryimage"},"datePublished":"2016-03-11T19:27:28+00:00","dateModified":"2016-06-01T12:28:43+00:00","description":"Precision Profiler\u2122 Sistema de Medici\u00f3n de Espesores - High precision thickness gauging solutions for measuring thin plastic film and other non conductive materials. Proprietary capacitance-based technology.","breadcrumb":{"@id":"https:\/\/www.gauging.com\/es\/precision-profiler-sistema-de-medicion-de-espesores\/#breadcrumb"},"inLanguage":"es","potentialAction":[{"@type":"ReadAction","target":["https:\/\/www.gauging.com\/es\/precision-profiler-sistema-de-medicion-de-espesores\/"]}]},{"@type":"BreadcrumbList","@id":"https:\/\/www.gauging.com\/es\/precision-profiler-sistema-de-medicion-de-espesores\/#breadcrumb","itemListElement":[{"@type":"ListItem","position":1,"name":"Home","item":"https:\/\/www.gauging.com\/es\/"},{"@type":"ListItem","position":2,"name":"Precision Profiler\u2122 Sistema de Medici\u00f3n de Espesores"}]}]}},"_links":{"self":[{"href":"https:\/\/www.gauging.com\/es\/wp-json\/wp\/v2\/pages\/3005","targetHints":{"allow":["GET"]}}],"collection":[{"href":"https:\/\/www.gauging.com\/es\/wp-json\/wp\/v2\/pages"}],"about":[{"href":"https:\/\/www.gauging.com\/es\/wp-json\/wp\/v2\/types\/page"}],"author":[{"embeddable":true,"href":"https:\/\/www.gauging.com\/es\/wp-json\/wp\/v2\/users\/2"}],"replies":[{"embeddable":true,"href":"https:\/\/www.gauging.com\/es\/wp-json\/wp\/v2\/comments?post=3005"}],"version-history":[{"count":0,"href":"https:\/\/www.gauging.com\/es\/wp-json\/wp\/v2\/pages\/3005\/revisions"}],"wp:attachment":[{"href":"https:\/\/www.gauging.com\/es\/wp-json\/wp\/v2\/media?parent=3005"}],"curies":[{"name":"wp","href":"https:\/\/api.w.org\/{rel}","templated":true}]}}