{"id":3335,"date":"2016-06-02T14:46:44","date_gmt":"2016-06-02T14:46:44","guid":{"rendered":"https:\/\/gauging.com\/es\/?page_id=3335"},"modified":"2016-06-02T17:11:50","modified_gmt":"2016-06-02T17:11:50","slug":"bf200-medidor-de-pelicula-soplada","status":"publish","type":"page","link":"https:\/\/www.gauging.com\/es\/bf200-medidor-de-pelicula-soplada\/","title":{"rendered":"BF200 Medidor de Pel\u00edcula Soplada"},"content":{"rendered":"<div class=\"padding-small row animated\" data-fx=\"fadeInUp\"> \n                <h3 >\n                    The BF200 En L\u00ednea<span class=\"color-font light\"> Medidor de Pel\u00edcula Soplada<\/span>\n                <\/h3>\n            \n<p><a href=\"https:\/\/gauging.com\/wp-content\/uploads\/2014\/07\/BF200-Drawing3-Cropped.png\"><img loading=\"lazy\" decoding=\"async\" class=\"alignright wp-image-2550\" title=\" Espesor de pel\u00edcula soplada\" src=\"https:\/\/gauging.com\/wp-content\/uploads\/2014\/07\/BF200-Drawing3-Cropped.png\" alt=\" Espesor de pel\u00edcula soplada\" width=\"269\" height=\"175\" \/><\/a>El calibre de la pel\u00edcula soplada BF200 se utiliza para medir el espesor de pel\u00edcula soplada con precisi\u00f3n en la l\u00ednea de producci\u00f3n . Mide pel\u00edcula soplada con una precisi\u00f3n l\u00edder en el mercado y constantemente mantiene la calibraci\u00f3n para ofrecer una medici\u00f3n precisa , incluso en las pel\u00edculas m\u00e1s delgadas . Tambi\u00e9n est\u00e1 dise\u00f1ado para ser f\u00e1cil de usar y durable en los ambientes a veces \u00e1speros y sucios.<\/p>\n<p>Es una gran alternativa a en el puesto de sistemas de medici\u00f3n de la burbuja debido a su menor costo y la capacidad de dar una medida absoluta. <strong><a href=\"http:\/\/www.canplastics.com\/features\/case-history-thickness-monitoring\/\" target=\"_blank\">Se puede ver un estudio de caso en pl\u00e1sticos canadienses aqu\u00ed discutiendo el BF200 en acci\u00f3n en un sitio de la planta<\/a><\/strong>.<\/p>\n<p><figure id=\"attachment_2546\" class=\"thumbnail wp-caption aligncenter\" style=\"width: 595px\"><a href=\"https:\/\/gauging.com\/wp-content\/uploads\/2014\/07\/BF200-On-the-Line.png\"><img loading=\"lazy\" decoding=\"async\" class=\"wp-image-2546\" title=\" Espesor de pel\u00edcula soplada\" src=\"https:\/\/gauging.com\/wp-content\/uploads\/2014\/07\/BF200-On-the-Line.png\" alt=\" Espesor de pel\u00edcula soplada\" width=\"595\" height=\"335\" srcset=\"https:\/\/www.gauging.com\/wp-content\/uploads\/2014\/07\/BF200-On-the-Line.png 1280w, https:\/\/www.gauging.com\/wp-content\/uploads\/2014\/07\/BF200-On-the-Line-1024x576.png 1024w\" sizes=\"auto, (max-width: 595px) 100vw, 595px\" \/><\/a><figcaption class=\"caption wp-caption-text\">Se instala f\u00e1cilmente Despu\u00e9s de la Lay plana como se muestra arriba<\/figcaption><\/figure><\/p>\n<p>&nbsp;<\/p>\n<p>M\u00e1s informaci\u00f3n en la presentaci\u00f3n aqu\u00ed:\u00a0<strong><a href=\"https:\/\/gauging.com\/wp-content\/uploads\/2014\/07\/BF200-Sales-Presentation.pdf\" rel=\"\">BF200 Presentation<\/a><\/strong><\/p>\n<p>Compruebe el el v\u00eddeo a continuaci\u00f3n para ver c\u00f3mo funciona nuestro sistema!<\/p>\n<p>&nbsp;<\/p>\n<p><iframe loading=\"lazy\" width=\"560\" height=\"315\" frameborder=\"0\" src=\"https:\/\/www.youtube.com\/embed\/DLWD1daLpSo?rel=0\"><\/iframe><\/p>\n<h5>MODELO BF200 sistema de medici\u00f3n de pel\u00edcula soplada<\/h5>\n<p><img loading=\"lazy\" decoding=\"async\" class=\"alignright wp-image-1035 size-full\" src=\"https:\/\/gauging.com\/wp-content\/uploads\/2014\/07\/BF200-System-1-copy.png\" alt=\"Blown Film Gauge\" width=\"300\" height=\"247\" \/><\/p>\n<h6>El medidor de Add-On que se suma a las utilidades<\/h6>\n<ul class=\"checklist\">\n<ul>\n<li class=\"checked\"><span>Reducir los Desechos<\/span><\/li>\n<li class=\"checked\"><span>Mejorar calidad<\/span><\/li>\n<li class=\"checked\"><span>Potenciar la formaci\u00f3n<\/span><\/li>\n<li class=\"checked\"><span>Aumentar la productividad<\/span><\/li>\n<li class=\"checked\"><span>Limpieza y Mantenimiento predictivo<\/span><\/li>\n<\/ul>\n<\/ul>\n<h6>Importantes mejoras operativas<\/h6>\n<p>Proporciona autom\u00e1ticamente la informaci\u00f3n de grosor completo para los operadores, ingenieros de proceso, y el personal de control de calidad.<\/p>\n<p>&nbsp;<\/p>\n<p><figure id=\"attachment_2521\" class=\"thumbnail wp-caption aligncenter\" style=\"width: 615px\"><a href=\"https:\/\/gauging.com\/wp-content\/uploads\/2014\/07\/BF200-Screenshot-Overlay.png\"><img loading=\"lazy\" decoding=\"async\" class=\"wp-image-2521\" title=\"Blown Film Thickness\" src=\"https:\/\/gauging.com\/wp-content\/uploads\/2014\/07\/BF200-Screenshot-Overlay.png\" alt=\"Measure Blown Film\" width=\"615\" height=\"573\" srcset=\"https:\/\/www.gauging.com\/wp-content\/uploads\/2014\/07\/BF200-Screenshot-Overlay.png 2048w, https:\/\/www.gauging.com\/wp-content\/uploads\/2014\/07\/BF200-Screenshot-Overlay-1024x954.png 1024w\" sizes=\"auto, (max-width: 615px) 100vw, 615px\" \/><\/a><figcaption class=\"caption wp-caption-text\">Dos perfiles BF200 Overlaid- repetibilidad demuestra que est\u00e1 recibiendo una respuesta que puede confiar!<\/figcaption><\/figure><\/p>\n<p>&nbsp;<\/p>\n<h6>Caracter\u00edsticas exclusivas:<\/h6>\n<p><figure id=\"attachment_2082\" class=\"thumbnail wp-caption alignright\" style=\"width: 274px\"><a href=\"https:\/\/gauging.com\/wp-content\/uploads\/2014\/07\/IMG_0083.jpg\"><img loading=\"lazy\" decoding=\"async\" class=\"wp-image-2082\" title=\"Blown Film Gauge\" src=\"https:\/\/gauging.com\/wp-content\/uploads\/2014\/07\/IMG_0083.jpg\" alt=\"Durable BF200 Blown Film Gauge\" width=\"274\" height=\"206\" srcset=\"https:\/\/www.gauging.com\/wp-content\/uploads\/2014\/07\/IMG_0083.jpg 2048w, https:\/\/www.gauging.com\/wp-content\/uploads\/2014\/07\/IMG_0083-1024x768.jpg 1024w\" sizes=\"auto, (max-width: 274px) 100vw, 274px\" \/><\/a><figcaption class=\"caption wp-caption-text\">Works great even in dirty environments!<\/figcaption><\/figure><\/p>\n<ul class=\"checklist\">\n<ul>\n<li class=\"checked\"><span>Proporciona una medici\u00f3n de espesor estable y fiable<\/span><\/li>\n<li class=\"checked\"><span>Totalmente no invasivo &#8211; no moleste a la burbuja y no marcar\u00e1 la pel\u00edcula .<\/span><\/li>\n<li class=\"checked\"><span>Paquete de software f\u00e1cil de usar BF200 &#8211; PC<\/span><\/li>\n<li class=\"checked\"><span>Alta fiabilidad , dise\u00f1o sin problemas<\/span><\/li>\n<li class=\"checked\"><span>No nuclear, de propiedad exclusiva de la capacitancia que calibra Tecnolog\u00eda<\/span><\/li>\n<li class=\"checked\"><span>medidor continua retroalimentaci\u00f3n perfil<\/span><\/li>\n<li class=\"checked\"><span>F\u00e1cil de usar , el NIST de calibraci\u00f3n trazable<\/span><\/li>\n<li class=\"checked\"><span>instalaci\u00f3n sencilla<\/span><\/li>\n<li class=\"checked\"><span>Gran para la medici\u00f3n de pel\u00edculas delgadas<\/span><\/li>\n<\/ul>\n<\/ul> <img decoding=\"async\" class=\"alignright size-full wp-image-1038\" src=\"https:\/\/gauging.com\/wp-content\/uploads\/2014\/07\/2ea5dfac6705e8898a16512b262da9e5_fkgp.png\" alt=\"2ea5dfac6705e8898a16512b262da9e5_fkgp\" width=\"300\" srcset=\"https:\/\/www.gauging.com\/wp-content\/uploads\/2014\/07\/2ea5dfac6705e8898a16512b262da9e5_fkgp.png 396w, https:\/\/www.gauging.com\/wp-content\/uploads\/2014\/07\/2ea5dfac6705e8898a16512b262da9e5_fkgp-395x251.png 395w\" sizes=\"(max-width: 396px) 100vw, 396px\" \/><\/p>\n<h6>En-Blanco de pel\u00edcula soplada<\/h6>\n<p id=\"tw-target-text\" class=\"tw-data-text vk_txt tw-ta tw-text-small\" data-placeholder=\"Translation\"><span lang=\"es\">El proceso de pel\u00edcula soplada tiene muchas variables que afectan al espesor de la pel\u00edcula . Esta complejidad pone una gran carga para el operador en su intento de lograr el espesor de la en-blanco . tecnolog\u00eda de punta de SolveTech ha abierto la puerta a mejoras significativas en su producci\u00f3n. El sistema de medici\u00f3n de pel\u00edcula soplada BF200 es una herramienta asequible que combina las lecturas de espesor fiables con un rendimiento sencillo y sin problemas .<\/span><\/p>\n<h6><strong>Mejorar el equipo existente<\/strong><\/h6>\n<p>La adici\u00f3n de un sistema de medici\u00f3n de BF200 soplado de pel\u00edcula a una extrusora existente es una buena manera de obtener el m\u00e1ximo rendimiento de su equipo. Se le ayudar\u00e1 a generar un ahorro importante de tiempo y material. Coger trastornos o derivas que pueden producirse y obtener retroalimentaci\u00f3n del operador que permite el r\u00e1pido set-ups . Esto demuestra ser una manera rentable de mejorar la calidad y reducir los desechos .<\/p>\n<h6>Retorno de la Inversi\u00f3n<\/h6>\n<ul class=\"checklist\">\n<ul>\n<li class=\"checked\"><span>Mejorar el rendimiento y reducir los residuos<\/span><\/li>\n<li class=\"checked\"><span>Mejorar la calidad del producto<\/span><\/li>\n<li class=\"checked\"><span>Mejorar la confianza de los clientes y obtener nuevos nego<\/span><\/li>\n<\/ul>\n<\/ul>\n<p>&nbsp;<\/p>\n<h6>Duradera en entornos dif\u00edciles<\/h6>\n<p id=\"tw-target-text\" class=\"tw-data-text vk_txt tw-ta tw-text-small\" data-placeholder=\"Translation\"><span lang=\"es\">En 2009 , SolveTech encontr\u00f3 el tiempo medio entre fallos de 120.000 horas para estar basados en una muestra de 5 millones de horas de servicio en las l\u00edneas de pel\u00edcula soplada . El sistema est\u00e1 dise\u00f1ado para manejar los entornos dif\u00edciles, y que est\u00e1 dise\u00f1ado para negar cualquier suciedad, los cambios de temperatura o cambios de humedad. Tambi\u00e9n es f\u00e1cil de operar y mantener, b\u00e1sicamente, que requiere poco o ning\u00fan mantenimiento regular. SolveTech sistemas est\u00e1n dise\u00f1ados para durar y se han quedado en el campo durante m\u00e1s de 25 a\u00f1os.<\/span><\/p>\n<p>&nbsp;<\/p>\n<h6>Proporciona una medici\u00f3n precisa y estable<\/h6>\n<p>La siguiente imagen muestra un gr\u00e1fico de la unidad con una muestra de pel\u00edcula estacionaria dentro de la cabeza del calibre . Como se muestra abajo , la medici\u00f3n permanece estable m\u00e1s de 4 horas de operaci\u00f3n en este ejemplo.<\/p>\n<p><a href=\"https:\/\/gauging.com\/wp-content\/uploads\/2014\/07\/screen-shot-1.bmp\"><img loading=\"lazy\" decoding=\"async\" class=\"aligncenter wp-image-2335\" title=\"accurate blown film gauge\" src=\"https:\/\/gauging.com\/wp-content\/uploads\/2014\/07\/screen-shot-1.bmp\" alt=\"Stable blown film gauge\" width=\"561\" height=\"403\" srcset=\"https:\/\/www.gauging.com\/wp-content\/uploads\/2014\/07\/screen-shot-1.bmp 800w, https:\/\/www.gauging.com\/wp-content\/uploads\/2014\/07\/screen-shot-1-316x226.bmp 316w\" sizes=\"auto, (max-width: 561px) 100vw, 561px\" \/><\/a><\/p>\n<p>&nbsp;<\/p>\n<h6 id=\"tw-target-text\" class=\"tw-data-text vk_txt tw-ta tw-text-medium\" data-placeholder=\"Translation\"><span lang=\"es\">BF200 sistema est\u00e1ndar incluye :<\/span><\/h6>\n<ul class=\"checklist\">\n<ul>\n<li class=\"checked\"><span>BF200 Medici\u00f3n de la cabeza: no invasiva y no nuclear. Este cabezal de precisi\u00f3n no perturbar\u00e1 la burbuja o marcar pel\u00edcula. No se preocupa por interferir con el producto o proceso . Proporciona una alta fiabilidad .<\/span><\/li>\n<li class=\"checked\"><span>BF200 Gauge Unidad de Control : Proporciona energ\u00eda y acondicionamiento de se\u00f1al para el cabezal de medici\u00f3n , as\u00ed como pantallas secundarias y controles para el operador .<\/span><\/li>\n<li class=\"checked\"><span>Gaugeware paquete de software PC &#8211; compatible: Proporciona todas sus necesidades de informaci\u00f3n de espesor . Incluye informaci\u00f3n para el proceso de configuraci\u00f3n , monitorizaci\u00f3n de procesos , procesos de soluci\u00f3n de problemas \/ estudios y control de calidad en funci\u00f3n de cada rollo (ordenador no incluido ) . Este programa es f\u00e1cil de usar , sin embargo, ofrece herramientas para satisfacer a los usuarios m\u00e1s exigentes . informes de rodillos y pantallas imprimibles le dan la capacidad de mostrar a su cliente la calidad de cada rollo a producir por ellos .<\/span><\/li>\n<li class=\"checked\"><span>Cabeza Sistema de Posicionamiento : posiciona autom\u00e1ticamente el cabezal de medici\u00f3n a lo largo del borde de la pel\u00edcula . Peri\u00f3dicamente proporciona autom\u00e1tica re- normalizaci\u00f3n ( auto-cero ) del sistema<\/span><\/li>\n<\/ul>\n<\/ul>\n<h6>Opciones del sistema<\/h6>\n<p id=\"tw-target-text\" class=\"tw-data-text vk_txt tw-ta tw-text-small\" data-placeholder=\"Translation\"><span lang=\"es\">Personalizar su BF200 con opciones como el control de retroalimentaci\u00f3n , Encoder o salida anal\u00f3gica . Estamos dispuestos a trabajar con usted para hacer un sistema que se adapte a sus necesidades de aforo de pel\u00edcula soplada .<\/span><\/p>\n<p><a href=\"https:\/\/gauging.com\/the-impact-of-measuring-thickness\">Usted puede aprender m\u00e1s acerca de lo que el BF200 puede hacer por sus operaciones de la planta aqu\u00ed .<\/a><\/p>\n<p>&nbsp;<\/p>\n<\/div>\n<p>&nbsp;<\/p>\n<p><a href=\"https:\/\/gauging.com\/wp-content\/uploads\/2015\/10\/Solvetech-is-made-in-the-USA.jpg\"><img loading=\"lazy\" decoding=\"async\" class=\"aligncenter wp-image-2362 \" title=\"american thickness gauges\" src=\"https:\/\/gauging.com\/wp-content\/uploads\/2015\/10\/Solvetech-is-made-in-the-USA-300x300.jpg\" alt=\"Solvetech-is-made-in-the-USA\" width=\"179\" height=\"179\" srcset=\"https:\/\/www.gauging.com\/wp-content\/uploads\/2015\/10\/Solvetech-is-made-in-the-USA-300x300.jpg 300w, https:\/\/www.gauging.com\/wp-content\/uploads\/2015\/10\/Solvetech-is-made-in-the-USA-150x150.jpg 150w\" sizes=\"auto, (max-width: 179px) 100vw, 179px\" \/><\/a><\/p>\n<p>&nbsp;<\/p>\n<p style=\"text-align: center;\">Blown\u00a0Film Thickness | Blown Film Gauge |\u00a0Measure\u00a0Blown Film Thickness<\/p>\n","protected":false},"excerpt":{"rendered":"<p>&nbsp; &nbsp; Blown\u00a0Film Thickness | Blown Film Gauge |\u00a0Measure\u00a0Blown Film Thickness<\/p>\n","protected":false},"author":2,"featured_media":0,"parent":0,"menu_order":0,"comment_status":"open","ping_status":"open","template":"","meta":{"footnotes":""},"class_list":["post-3335","page","type-page","status-publish","hentry"],"yoast_head":"<!-- This site is optimized with the Yoast SEO plugin v17.6 - https:\/\/yoast.com\/wordpress\/plugins\/seo\/ -->\n<meta name=\"description\" content=\"BF200 Medidor de Pel\u00edcula Soplada - High precision thickness gauging solutions for measuring thin plastic film and other non conductive materials. Proprietary capacitance-based technology.\" \/>\n<meta name=\"robots\" content=\"index, follow, max-snippet:-1, max-image-preview:large, max-video-preview:-1\" \/>\n<link rel=\"canonical\" href=\"https:\/\/www.gauging.com\/es\/bf200-medidor-de-pelicula-soplada\/\" \/>\n<meta property=\"og:locale\" content=\"es_ES\" \/>\n<meta property=\"og:type\" content=\"article\" \/>\n<meta property=\"og:title\" content=\"BF200 Medidor de Pel\u00edcula Soplada - SolveTech, Inc\" \/>\n<meta property=\"og:description\" content=\"BF200 Medidor de Pel\u00edcula Soplada - High precision thickness gauging solutions for measuring thin plastic film and other non conductive materials. Proprietary capacitance-based technology.\" \/>\n<meta property=\"og:url\" content=\"https:\/\/www.gauging.com\/es\/bf200-medidor-de-pelicula-soplada\/\" \/>\n<meta property=\"og:site_name\" content=\"SolveTech, Inc\" \/>\n<meta property=\"article:modified_time\" content=\"2016-06-02T17:11:50+00:00\" \/>\n<meta property=\"og:image\" content=\"https:\/\/gauging.com\/wp-content\/uploads\/2014\/07\/BF200-Drawing3-Cropped.png\" \/>\n<meta name=\"twitter:card\" content=\"summary\" \/>\n<meta name=\"twitter:label1\" content=\"Tiempo de lectura\" \/>\n\t<meta name=\"twitter:data1\" content=\"5 minutos\" \/>\n<script type=\"application\/ld+json\" class=\"yoast-schema-graph\">{\"@context\":\"https:\/\/schema.org\",\"@graph\":[{\"@type\":\"WebSite\",\"@id\":\"https:\/\/www.gauging.com\/#website\",\"url\":\"https:\/\/www.gauging.com\/\",\"name\":\"SolveTech, Inc\",\"description\":\"Thickness Gauging Systems\",\"potentialAction\":[{\"@type\":\"SearchAction\",\"target\":{\"@type\":\"EntryPoint\",\"urlTemplate\":\"https:\/\/www.gauging.com\/?s={search_term_string}\"},\"query-input\":\"required name=search_term_string\"}],\"inLanguage\":\"es\"},{\"@type\":\"ImageObject\",\"@id\":\"https:\/\/www.gauging.com\/es\/bf200-medidor-de-pelicula-soplada\/#primaryimage\",\"inLanguage\":\"es\",\"url\":\"https:\/\/gauging.com\/wp-content\/uploads\/2014\/07\/BF200-Drawing3-Cropped.png\",\"contentUrl\":\"https:\/\/gauging.com\/wp-content\/uploads\/2014\/07\/BF200-Drawing3-Cropped.png\"},{\"@type\":\"WebPage\",\"@id\":\"https:\/\/www.gauging.com\/es\/bf200-medidor-de-pelicula-soplada\/#webpage\",\"url\":\"https:\/\/www.gauging.com\/es\/bf200-medidor-de-pelicula-soplada\/\",\"name\":\"BF200 Medidor de Pel\\u00edcula Soplada - SolveTech, Inc\",\"isPartOf\":{\"@id\":\"https:\/\/www.gauging.com\/#website\"},\"primaryImageOfPage\":{\"@id\":\"https:\/\/www.gauging.com\/es\/bf200-medidor-de-pelicula-soplada\/#primaryimage\"},\"datePublished\":\"2016-06-02T14:46:44+00:00\",\"dateModified\":\"2016-06-02T17:11:50+00:00\",\"description\":\"BF200 Medidor de Pel\\u00edcula Soplada - High precision thickness gauging solutions for measuring thin plastic film and other non conductive materials. Proprietary capacitance-based technology.\",\"breadcrumb\":{\"@id\":\"https:\/\/www.gauging.com\/es\/bf200-medidor-de-pelicula-soplada\/#breadcrumb\"},\"inLanguage\":\"es\",\"potentialAction\":[{\"@type\":\"ReadAction\",\"target\":[\"https:\/\/www.gauging.com\/es\/bf200-medidor-de-pelicula-soplada\/\"]}]},{\"@type\":\"BreadcrumbList\",\"@id\":\"https:\/\/www.gauging.com\/es\/bf200-medidor-de-pelicula-soplada\/#breadcrumb\",\"itemListElement\":[{\"@type\":\"ListItem\",\"position\":1,\"name\":\"Home\",\"item\":\"https:\/\/www.gauging.com\/es\/\"},{\"@type\":\"ListItem\",\"position\":2,\"name\":\"BF200 Medidor de Pel\\u00edcula Soplada\"}]}]}<\/script>\n<!-- \/ Yoast SEO plugin. -->","yoast_head_json":{"description":"BF200 Medidor de Pel\u00edcula Soplada - High precision thickness gauging solutions for measuring thin plastic film and other non conductive materials. Proprietary capacitance-based technology.","robots":{"index":"index","follow":"follow","max-snippet":"max-snippet:-1","max-image-preview":"max-image-preview:large","max-video-preview":"max-video-preview:-1"},"canonical":"https:\/\/www.gauging.com\/es\/bf200-medidor-de-pelicula-soplada\/","og_locale":"es_ES","og_type":"article","og_title":"BF200 Medidor de Pel\u00edcula Soplada - SolveTech, Inc","og_description":"BF200 Medidor de Pel\u00edcula Soplada - High precision thickness gauging solutions for measuring thin plastic film and other non conductive materials. Proprietary capacitance-based technology.","og_url":"https:\/\/www.gauging.com\/es\/bf200-medidor-de-pelicula-soplada\/","og_site_name":"SolveTech, Inc","article_modified_time":"2016-06-02T17:11:50+00:00","og_image":[{"url":"https:\/\/gauging.com\/wp-content\/uploads\/2014\/07\/BF200-Drawing3-Cropped.png"}],"twitter_card":"summary","twitter_misc":{"Tiempo de lectura":"5 minutos"},"schema":{"@context":"https:\/\/schema.org","@graph":[{"@type":"WebSite","@id":"https:\/\/www.gauging.com\/#website","url":"https:\/\/www.gauging.com\/","name":"SolveTech, Inc","description":"Thickness Gauging Systems","potentialAction":[{"@type":"SearchAction","target":{"@type":"EntryPoint","urlTemplate":"https:\/\/www.gauging.com\/?s={search_term_string}"},"query-input":"required name=search_term_string"}],"inLanguage":"es"},{"@type":"ImageObject","@id":"https:\/\/www.gauging.com\/es\/bf200-medidor-de-pelicula-soplada\/#primaryimage","inLanguage":"es","url":"https:\/\/gauging.com\/wp-content\/uploads\/2014\/07\/BF200-Drawing3-Cropped.png","contentUrl":"https:\/\/gauging.com\/wp-content\/uploads\/2014\/07\/BF200-Drawing3-Cropped.png"},{"@type":"WebPage","@id":"https:\/\/www.gauging.com\/es\/bf200-medidor-de-pelicula-soplada\/#webpage","url":"https:\/\/www.gauging.com\/es\/bf200-medidor-de-pelicula-soplada\/","name":"BF200 Medidor de Pel\u00edcula Soplada - SolveTech, Inc","isPartOf":{"@id":"https:\/\/www.gauging.com\/#website"},"primaryImageOfPage":{"@id":"https:\/\/www.gauging.com\/es\/bf200-medidor-de-pelicula-soplada\/#primaryimage"},"datePublished":"2016-06-02T14:46:44+00:00","dateModified":"2016-06-02T17:11:50+00:00","description":"BF200 Medidor de Pel\u00edcula Soplada - High precision thickness gauging solutions for measuring thin plastic film and other non conductive materials. Proprietary capacitance-based technology.","breadcrumb":{"@id":"https:\/\/www.gauging.com\/es\/bf200-medidor-de-pelicula-soplada\/#breadcrumb"},"inLanguage":"es","potentialAction":[{"@type":"ReadAction","target":["https:\/\/www.gauging.com\/es\/bf200-medidor-de-pelicula-soplada\/"]}]},{"@type":"BreadcrumbList","@id":"https:\/\/www.gauging.com\/es\/bf200-medidor-de-pelicula-soplada\/#breadcrumb","itemListElement":[{"@type":"ListItem","position":1,"name":"Home","item":"https:\/\/www.gauging.com\/es\/"},{"@type":"ListItem","position":2,"name":"BF200 Medidor de Pel\u00edcula Soplada"}]}]}},"_links":{"self":[{"href":"https:\/\/www.gauging.com\/es\/wp-json\/wp\/v2\/pages\/3335","targetHints":{"allow":["GET"]}}],"collection":[{"href":"https:\/\/www.gauging.com\/es\/wp-json\/wp\/v2\/pages"}],"about":[{"href":"https:\/\/www.gauging.com\/es\/wp-json\/wp\/v2\/types\/page"}],"author":[{"embeddable":true,"href":"https:\/\/www.gauging.com\/es\/wp-json\/wp\/v2\/users\/2"}],"replies":[{"embeddable":true,"href":"https:\/\/www.gauging.com\/es\/wp-json\/wp\/v2\/comments?post=3335"}],"version-history":[{"count":0,"href":"https:\/\/www.gauging.com\/es\/wp-json\/wp\/v2\/pages\/3335\/revisions"}],"wp:attachment":[{"href":"https:\/\/www.gauging.com\/es\/wp-json\/wp\/v2\/media?parent=3335"}],"curies":[{"name":"wp","href":"https:\/\/api.w.org\/{rel}","templated":true}]}}